{"id":555,"date":"2019-12-09T15:04:13","date_gmt":"2019-12-09T15:04:13","guid":{"rendered":"http:\/\/new.renovilla.ca\/terms-and-conditions\/"},"modified":"2019-12-19T19:41:14","modified_gmt":"2019-12-19T19:41:14","slug":"terms-and-conditions","status":"publish","type":"page","link":"http:\/\/new.renovilla.ca\/fr\/terms-and-conditions\/","title":{"rendered":"POLITIQUE DE CONFIDENTIALIT\u00c9"},"content":{"rendered":"<div class=\"wpb-content-wrapper\"><p>[vc_row][vc_column][vc_column_text text_larger=\u00a0\u00bbno\u00a0\u00bb]<\/p>\n<h2>Politique de confidentialit\u00e9<\/h2>\n<p>En visitant ou en utilisant le site internet de RenoVilla (<a href=\"http:\/\/renovilla.ca\">renovilla.ca<\/a>), vous acceptez notre politique de confidentialit\u00e9 et consentez aux Conditions g\u00e9n\u00e9rales affich\u00e9es.<br \/>\nLes informations recueillies vous concernant peuvent notamment inclure votre nom, le nom de l&rsquo;entreprise, l&rsquo;adresse, le num\u00e9ro de t\u00e9l\u00e9phone, l&rsquo;adresse courriel, le num\u00e9ro de fax, l&rsquo;adresse IP, etc. Nous pouvons \u00e9galement recueillir des informations sur votre utilisation du site Web, tels que la date et l&rsquo;heure de vos visites, les pages consult\u00e9es, les documents extraits, le type de navigateur utilis\u00e9 et toute la correspondance \u00e9chang\u00e9e avec nous (principalement des courriels).<\/p>\n<h2>R\u00e8glement g\u00e9n\u00e9ral sur la protection des donn\u00e9es (RGPD)<\/h2>\n<p>RenoVilla s&rsquo;engage \u00e0 ce que la collecte et le traitement de vos donn\u00e9es, effectu\u00e9s \u00e0 partir du site\u00a0<a href=\"http:\/\/renovilla.ca\/\">renovilla.ca<\/a>, soient conformes au r\u00e8glement g\u00e9n\u00e9ral sur la protection des donn\u00e9es (RGPD). Chaque formulaire ou t\u00e9l\u00e9service limite la collecte des donn\u00e9es personnelles au strict n\u00e9cessaire (minimisation des donn\u00e9es) et indique notamment :<\/p>\n<ul>\n<li>quels sont les objectifs du recueil de ces donn\u00e9es,<\/li>\n<li>si ces donn\u00e9es sont obligatoires ou facultatives pour la gestion de votre demande,<\/li>\n<li>qui pourra en prendre connaissance (uniquement RenoVilla en principe, sauf pr\u00e9cision dans le formulaire lorsqu&rsquo;une transmission \u00e0 un tiers est n\u00e9cessaire \u00e0 la gestion de votre demande),<\/li>\n<\/ul>\n<p>Les donn\u00e9es personnelles recueillies dans le cadre des services propos\u00e9s sur\u00a0<a href=\"http:\/\/renovilla.ca\">renovilla.ca<\/a>\u00a0sont trait\u00e9es selon des protocoles s\u00e9curis\u00e9s et permettent \u00e0 RenoVilla de g\u00e9rer les demandes re\u00e7ues dans ses applications informatiques.<\/p>\n<p>Pour toute information ou exercice de vos droits Informatique et Libert\u00e9s sur les traitements de donn\u00e9es personnelles g\u00e9r\u00e9s par RenoVilla, vous pouvez contacter RenoVilla et \u00e9ventuellement son d\u00e9l\u00e9gu\u00e9 \u00e0 la protection des donn\u00e9es (DPO), si distingu\u00e9.<\/p>\n<h2>Liens<\/h2>\n<p>Notre site peut contenir des liens ou des r\u00e9f\u00e9rences vers d&rsquo;autres sites hors de notre contr\u00f4le. Notre politique de confidentialit\u00e9 ne s&rsquo;applique pas \u00e0 ces sites.<\/p>\n<h2>Droit d&rsquo;auteur<\/h2>\n<p>L&rsquo;ensemble du contenu de ce site (<a href=\"http:\/\/renovilla.ca\/\">renovilla.ca<\/a>) est prot\u00e9g\u00e9 par le droit d&rsquo;auteur. Vous pouvez imprimer et t\u00e9l\u00e9charger des portions de mat\u00e9riel dans les diff\u00e9rents domaines du site Web pour votre usage personnel uniquement. Toute autre copie, redistribution, retransmission ou publication de tout mat\u00e9riel t\u00e9l\u00e9charg\u00e9, est strictement interdite sans l&rsquo;autorisation expresse \u00e9crite du propri\u00e9taire du site.[\/vc_column_text][\/vc_column][\/vc_row]<\/p>\n<\/div>","protected":false},"excerpt":{"rendered":"<p>[vc_row][vc_column][vc_column_text text_larger=\u00a0\u00bbno\u00a0\u00bb] Politique de confidentialit\u00e9 En visitant ou en utilisant le site internet de RenoVilla (renovilla.ca), vous acceptez notre politique<\/p>\n","protected":false},"author":1,"featured_media":0,"parent":0,"menu_order":0,"comment_status":"closed","ping_status":"closed","template":"","meta":{"footnotes":""},"class_list":["post-555","page","type-page","status-publish","hentry"],"_links":{"self":[{"href":"http:\/\/new.renovilla.ca\/fr\/wp-json\/wp\/v2\/pages\/555","targetHints":{"allow":["GET"]}}],"collection":[{"href":"http:\/\/new.renovilla.ca\/fr\/wp-json\/wp\/v2\/pages"}],"about":[{"href":"http:\/\/new.renovilla.ca\/fr\/wp-json\/wp\/v2\/types\/page"}],"author":[{"embeddable":true,"href":"http:\/\/new.renovilla.ca\/fr\/wp-json\/wp\/v2\/users\/1"}],"replies":[{"embeddable":true,"href":"http:\/\/new.renovilla.ca\/fr\/wp-json\/wp\/v2\/comments?post=555"}],"version-history":[{"count":2,"href":"http:\/\/new.renovilla.ca\/fr\/wp-json\/wp\/v2\/pages\/555\/revisions"}],"predecessor-version":[{"id":557,"href":"http:\/\/new.renovilla.ca\/fr\/wp-json\/wp\/v2\/pages\/555\/revisions\/557"}],"wp:attachment":[{"href":"http:\/\/new.renovilla.ca\/fr\/wp-json\/wp\/v2\/media?parent=555"}],"curies":[{"name":"wp","href":"https:\/\/api.w.org\/{rel}","templated":true}]}}