{"id":525,"date":"2019-12-18T19:20:20","date_gmt":"2019-12-18T19:20:20","guid":{"rendered":"http:\/\/new.renovilla.ca\/classic-kitchens\/"},"modified":"2019-12-19T17:35:11","modified_gmt":"2019-12-19T17:35:11","slug":"classic-kitchens","status":"publish","type":"page","link":"https:\/\/new.renovilla.ca\/fr\/classic-kitchens\/","title":{"rendered":"Cuisines Classiques"},"content":{"rendered":"<div class=\"wpb-content-wrapper\"><p>[vc_row][vc_column]\n\t\t<div id=\"wd-5dfbb4ac2566f\" class=\"title-wrapper  woodmart-title-color-default woodmart-title-style-default woodmart-title-width-100 text-center woodmart-title-size-medium \">\n\t\t\t\n\t\t\t<div class=\"liner-continer\">\n\t\t\t\t<span class=\"left-line\"><\/span>\n\t\t\t\t<h4 class=\"woodmart-title-container title  woodmart-font-weight-\" >Cuisines Classiques<\/h4>\t\t\t\t\t\t\t\t<span class=\"right-line\"><\/span>\n\t\t\t<\/div>\n\t\t\t\n\t\t\t\t\t\t\t<div class=\"title-after_title\">Toujours de bon go\u00fbt, souvent avec un niveau d'\u00e9l\u00e9gance qui fr\u00f4le le luxe, les cuisines classiques comprennent souvent des \u00e9l\u00e9ments architecturaux luxueux, comme des corbeaux, des sculptures d\u00e9coratives, etc.<\/div>\n\t\t\t\n\t\t\t\t\t<\/div>\n\t\t\n\t\t\t\t\t<div id=\"gallery_852\" class=\"woodmart-images-gallery view-masonry photoswipe-images\" >\n\t\t\t\t<div class=\"gallery-images row woodmart-spacing-10\">\n\t\t\t\t\t\t\t\t\t\t\t\t\t\t\t\t\t\t<div class=\"woodmart-gallery-item col-md-4 col-6\">\n\t\t\t\t\t\t\t\t\t\t\t\t\t\t\t\t\t<a href=\"https:\/\/new.renovilla.ca\/wp-content\/uploads\/2019\/12\/Classic-off-white.jpg\" data-index=\"1\" data-width=\"1620\" data-height=\"1080\"  >\n\t\t\t\t\t\t\t\t\t\t\t\t\t\t\t\t\n\t\t\t\t\t\t\t\t\t\t\t\t\t\t\t\t\t<img loading=\"lazy\" decoding=\"async\" width=\"1620\" height=\"1080\" src=\"https:\/\/new.renovilla.ca\/wp-content\/uploads\/2019\/12\/Classic-off-white.jpg\" class=\"woodmart-gallery-image image-1 attachment-full\" alt=\"\" title=\"Classic off white\" srcset=\"https:\/\/new.renovilla.ca\/wp-content\/uploads\/2019\/12\/Classic-off-white.jpg 1620w, https:\/\/new.renovilla.ca\/wp-content\/uploads\/2019\/12\/Classic-off-white-300x200.jpg 300w, https:\/\/new.renovilla.ca\/wp-content\/uploads\/2019\/12\/Classic-off-white-1024x683.jpg 1024w, https:\/\/new.renovilla.ca\/wp-content\/uploads\/2019\/12\/Classic-off-white-768x512.jpg 768w, https:\/\/new.renovilla.ca\/wp-content\/uploads\/2019\/12\/Classic-off-white-1536x1024.jpg 1536w\" sizes=\"auto, (max-width: 1620px) 100vw, 1620px\" \/>\t\t\t\t\t\t\t\t\t\t\t\t\t\t\t\t\n\t\t\t\t\t\t\t\t\t\t\t\t\t\t\t\t\t<\/a>\n\t\t\t\t\t\t\t\t\t\t\t\t\t\t\t<\/div>\n\t\t\t\t\t\t\t\t\t\t\t\t\t<div class=\"woodmart-gallery-item col-md-4 col-6\">\n\t\t\t\t\t\t\t\t\t\t\t\t\t\t\t\t\t<a href=\"https:\/\/new.renovilla.ca\/wp-content\/uploads\/2019\/12\/Classic-wood-kitchen.jpg\" data-index=\"2\" data-width=\"1080\" data-height=\"420\"  >\n\t\t\t\t\t\t\t\t\t\t\t\t\t\t\t\t\n\t\t\t\t\t\t\t\t\t\t\t\t\t\t\t\t\t<img loading=\"lazy\" decoding=\"async\" width=\"1080\" height=\"420\" src=\"https:\/\/new.renovilla.ca\/wp-content\/uploads\/2019\/12\/Classic-wood-kitchen.jpg\" class=\"woodmart-gallery-image image-2 attachment-full\" alt=\"\" title=\"Classic wood kitchen\" srcset=\"https:\/\/new.renovilla.ca\/wp-content\/uploads\/2019\/12\/Classic-wood-kitchen.jpg 1080w, https:\/\/new.renovilla.ca\/wp-content\/uploads\/2019\/12\/Classic-wood-kitchen-300x117.jpg 300w, https:\/\/new.renovilla.ca\/wp-content\/uploads\/2019\/12\/Classic-wood-kitchen-1024x398.jpg 1024w, https:\/\/new.renovilla.ca\/wp-content\/uploads\/2019\/12\/Classic-wood-kitchen-768x299.jpg 768w\" sizes=\"auto, (max-width: 1080px) 100vw, 1080px\" \/>\t\t\t\t\t\t\t\t\t\t\t\t\t\t\t\t\n\t\t\t\t\t\t\t\t\t\t\t\t\t\t\t\t\t<\/a>\n\t\t\t\t\t\t\t\t\t\t\t\t\t\t\t<\/div>\n\t\t\t\t\t\t\t\t\t\t\t\t\t<div class=\"woodmart-gallery-item col-md-4 col-6\">\n\t\t\t\t\t\t\t\t\t\t\t\t\t\t\t\t\t<a href=\"https:\/\/new.renovilla.ca\/wp-content\/uploads\/2019\/12\/Classic-kitchen-two-tone.jpg\" data-index=\"3\" data-width=\"1200\" data-height=\"800\"  >\n\t\t\t\t\t\t\t\t\t\t\t\t\t\t\t\t\n\t\t\t\t\t\t\t\t\t\t\t\t\t\t\t\t\t<img loading=\"lazy\" decoding=\"async\" width=\"1200\" height=\"800\" src=\"https:\/\/new.renovilla.ca\/wp-content\/uploads\/2019\/12\/Classic-kitchen-two-tone.jpg\" class=\"woodmart-gallery-image image-3 attachment-full\" alt=\"\" title=\"Classic-kitchen-two-tone\" srcset=\"https:\/\/new.renovilla.ca\/wp-content\/uploads\/2019\/12\/Classic-kitchen-two-tone.jpg 1200w, https:\/\/new.renovilla.ca\/wp-content\/uploads\/2019\/12\/Classic-kitchen-two-tone-300x200.jpg 300w, https:\/\/new.renovilla.ca\/wp-content\/uploads\/2019\/12\/Classic-kitchen-two-tone-1024x683.jpg 1024w, https:\/\/new.renovilla.ca\/wp-content\/uploads\/2019\/12\/Classic-kitchen-two-tone-768x512.jpg 768w\" sizes=\"auto, (max-width: 1200px) 100vw, 1200px\" \/>\t\t\t\t\t\t\t\t\t\t\t\t\t\t\t\t\n\t\t\t\t\t\t\t\t\t\t\t\t\t\t\t\t\t<\/a>\n\t\t\t\t\t\t\t\t\t\t\t\t\t\t\t<\/div>\n\t\t\t\t\t\t\t\t\t\t\t\t\t<div class=\"woodmart-gallery-item col-md-4 col-6\">\n\t\t\t\t\t\t\t\t\t\t\t\t\t\t\t\t\t<a href=\"https:\/\/new.renovilla.ca\/wp-content\/uploads\/2019\/12\/Classic-two-tone-kitchen-and-island.jpg\" data-index=\"4\" data-width=\"1200\" data-height=\"966\"  >\n\t\t\t\t\t\t\t\t\t\t\t\t\t\t\t\t\n\t\t\t\t\t\t\t\t\t\t\t\t\t\t\t\t\t<img loading=\"lazy\" decoding=\"async\" width=\"1200\" height=\"966\" src=\"https:\/\/new.renovilla.ca\/wp-content\/uploads\/2019\/12\/Classic-two-tone-kitchen-and-island.jpg\" class=\"woodmart-gallery-image image-4 attachment-full\" alt=\"\" title=\"Classic-two-tone-kitchen-and-island\" srcset=\"https:\/\/new.renovilla.ca\/wp-content\/uploads\/2019\/12\/Classic-two-tone-kitchen-and-island.jpg 1200w, https:\/\/new.renovilla.ca\/wp-content\/uploads\/2019\/12\/Classic-two-tone-kitchen-and-island-300x242.jpg 300w, https:\/\/new.renovilla.ca\/wp-content\/uploads\/2019\/12\/Classic-two-tone-kitchen-and-island-1024x824.jpg 1024w, https:\/\/new.renovilla.ca\/wp-content\/uploads\/2019\/12\/Classic-two-tone-kitchen-and-island-768x618.jpg 768w\" sizes=\"auto, (max-width: 1200px) 100vw, 1200px\" \/>\t\t\t\t\t\t\t\t\t\t\t\t\t\t\t\t\n\t\t\t\t\t\t\t\t\t\t\t\t\t\t\t\t\t<\/a>\n\t\t\t\t\t\t\t\t\t\t\t\t\t\t\t<\/div>\n\t\t\t\t\t\t\t\t\t\t\t\t\t<div class=\"woodmart-gallery-item col-md-4 col-6\">\n\t\t\t\t\t\t\t\t\t\t\t\t\t\t\t\t\t<a href=\"https:\/\/new.renovilla.ca\/wp-content\/uploads\/2019\/12\/Classic-two-tone-kitchen-and-island-2.jpg\" data-index=\"5\" data-width=\"1200\" data-height=\"800\"  >\n\t\t\t\t\t\t\t\t\t\t\t\t\t\t\t\t\n\t\t\t\t\t\t\t\t\t\t\t\t\t\t\t\t\t<img loading=\"lazy\" decoding=\"async\" width=\"1200\" height=\"800\" src=\"https:\/\/new.renovilla.ca\/wp-content\/uploads\/2019\/12\/Classic-two-tone-kitchen-and-island-2.jpg\" class=\"woodmart-gallery-image image-5 attachment-full\" alt=\"\" title=\"Classic-two-tone-kitchen-and-island-2\" srcset=\"https:\/\/new.renovilla.ca\/wp-content\/uploads\/2019\/12\/Classic-two-tone-kitchen-and-island-2.jpg 1200w, https:\/\/new.renovilla.ca\/wp-content\/uploads\/2019\/12\/Classic-two-tone-kitchen-and-island-2-300x200.jpg 300w, https:\/\/new.renovilla.ca\/wp-content\/uploads\/2019\/12\/Classic-two-tone-kitchen-and-island-2-1024x683.jpg 1024w, https:\/\/new.renovilla.ca\/wp-content\/uploads\/2019\/12\/Classic-two-tone-kitchen-and-island-2-768x512.jpg 768w\" sizes=\"auto, (max-width: 1200px) 100vw, 1200px\" \/>\t\t\t\t\t\t\t\t\t\t\t\t\t\t\t\t\n\t\t\t\t\t\t\t\t\t\t\t\t\t\t\t\t\t<\/a>\n\t\t\t\t\t\t\t\t\t\t\t\t\t\t\t<\/div>\n\t\t\t\t\t\t\t\t\t\t\t\t\t<div class=\"woodmart-gallery-item col-md-4 col-6\">\n\t\t\t\t\t\t\t\t\t\t\t\t\t\t\t\t\t<a href=\"https:\/\/new.renovilla.ca\/wp-content\/uploads\/2019\/12\/Classic-white-kitchen.jpg\" data-index=\"6\" data-width=\"1200\" data-height=\"1468\"  >\n\t\t\t\t\t\t\t\t\t\t\t\t\t\t\t\t\n\t\t\t\t\t\t\t\t\t\t\t\t\t\t\t\t\t<img loading=\"lazy\" decoding=\"async\" width=\"1200\" height=\"1468\" src=\"https:\/\/new.renovilla.ca\/wp-content\/uploads\/2019\/12\/Classic-white-kitchen.jpg\" class=\"woodmart-gallery-image image-6 attachment-full\" alt=\"\" title=\"Classic-white-kitchen\" srcset=\"https:\/\/new.renovilla.ca\/wp-content\/uploads\/2019\/12\/Classic-white-kitchen.jpg 1200w, https:\/\/new.renovilla.ca\/wp-content\/uploads\/2019\/12\/Classic-white-kitchen-245x300.jpg 245w, https:\/\/new.renovilla.ca\/wp-content\/uploads\/2019\/12\/Classic-white-kitchen-837x1024.jpg 837w, https:\/\/new.renovilla.ca\/wp-content\/uploads\/2019\/12\/Classic-white-kitchen-768x940.jpg 768w\" sizes=\"auto, (max-width: 1200px) 100vw, 1200px\" \/>\t\t\t\t\t\t\t\t\t\t\t\t\t\t\t\t\n\t\t\t\t\t\t\t\t\t\t\t\t\t\t\t\t\t<\/a>\n\t\t\t\t\t\t\t\t\t\t\t\t\t\t\t<\/div>\n\t\t\t\t\t\t\t\t\t\t\t\t\t<div class=\"woodmart-gallery-item col-md-4 col-6\">\n\t\t\t\t\t\t\t\t\t\t\t\t\t\t\t\t\t<a href=\"https:\/\/new.renovilla.ca\/wp-content\/uploads\/2019\/12\/Classic-white-kitchen-2.jpg\" data-index=\"7\" data-width=\"1200\" data-height=\"800\"  >\n\t\t\t\t\t\t\t\t\t\t\t\t\t\t\t\t\n\t\t\t\t\t\t\t\t\t\t\t\t\t\t\t\t\t<img loading=\"lazy\" decoding=\"async\" width=\"1200\" height=\"800\" src=\"https:\/\/new.renovilla.ca\/wp-content\/uploads\/2019\/12\/Classic-white-kitchen-2.jpg\" class=\"woodmart-gallery-image image-7 attachment-full\" alt=\"\" title=\"Classic-white-kitchen-2\" srcset=\"https:\/\/new.renovilla.ca\/wp-content\/uploads\/2019\/12\/Classic-white-kitchen-2.jpg 1200w, https:\/\/new.renovilla.ca\/wp-content\/uploads\/2019\/12\/Classic-white-kitchen-2-300x200.jpg 300w, https:\/\/new.renovilla.ca\/wp-content\/uploads\/2019\/12\/Classic-white-kitchen-2-1024x683.jpg 1024w, https:\/\/new.renovilla.ca\/wp-content\/uploads\/2019\/12\/Classic-white-kitchen-2-768x512.jpg 768w\" sizes=\"auto, (max-width: 1200px) 100vw, 1200px\" \/>\t\t\t\t\t\t\t\t\t\t\t\t\t\t\t\t\n\t\t\t\t\t\t\t\t\t\t\t\t\t\t\t\t\t<\/a>\n\t\t\t\t\t\t\t\t\t\t\t\t\t\t\t<\/div>\n\t\t\t\t\t\t\t\t\t\t\t\t\t<div class=\"woodmart-gallery-item col-md-4 col-6\">\n\t\t\t\t\t\t\t\t\t\t\t\t\t\t\t\t\t<a href=\"https:\/\/new.renovilla.ca\/wp-content\/uploads\/2019\/12\/White-oak-classic-kitchen.jpg\" data-index=\"8\" data-width=\"1200\" data-height=\"800\"  >\n\t\t\t\t\t\t\t\t\t\t\t\t\t\t\t\t\n\t\t\t\t\t\t\t\t\t\t\t\t\t\t\t\t\t<img loading=\"lazy\" decoding=\"async\" width=\"1200\" height=\"800\" src=\"https:\/\/new.renovilla.ca\/wp-content\/uploads\/2019\/12\/White-oak-classic-kitchen.jpg\" class=\"woodmart-gallery-image image-8 attachment-full\" alt=\"\" title=\"White-oak-classic-kitchen\" srcset=\"https:\/\/new.renovilla.ca\/wp-content\/uploads\/2019\/12\/White-oak-classic-kitchen.jpg 1200w, https:\/\/new.renovilla.ca\/wp-content\/uploads\/2019\/12\/White-oak-classic-kitchen-300x200.jpg 300w, https:\/\/new.renovilla.ca\/wp-content\/uploads\/2019\/12\/White-oak-classic-kitchen-1024x683.jpg 1024w, https:\/\/new.renovilla.ca\/wp-content\/uploads\/2019\/12\/White-oak-classic-kitchen-768x512.jpg 768w\" sizes=\"auto, (max-width: 1200px) 100vw, 1200px\" \/>\t\t\t\t\t\t\t\t\t\t\t\t\t\t\t\t\n\t\t\t\t\t\t\t\t\t\t\t\t\t\t\t\t\t<\/a>\n\t\t\t\t\t\t\t\t\t\t\t\t\t\t\t<\/div>\n\t\t\t\t\t\t\t\t\t\t\t\t\t\t\t<\/div>\n\t\t\t<\/div>\n\t\t\t\t\t[\/vc_column][\/vc_row]<\/p>\n<\/div>","protected":false},"excerpt":{"rendered":"<p>[vc_row][vc_column][\/vc_column][\/vc_row]<\/p>\n","protected":false},"author":1,"featured_media":0,"parent":0,"menu_order":0,"comment_status":"closed","ping_status":"closed","template":"","meta":{"footnotes":""},"class_list":["post-525","page","type-page","status-publish","hentry"],"_links":{"self":[{"href":"https:\/\/new.renovilla.ca\/fr\/wp-json\/wp\/v2\/pages\/525","targetHints":{"allow":["GET"]}}],"collection":[{"href":"https:\/\/new.renovilla.ca\/fr\/wp-json\/wp\/v2\/pages"}],"about":[{"href":"https:\/\/new.renovilla.ca\/fr\/wp-json\/wp\/v2\/types\/page"}],"author":[{"embeddable":true,"href":"https:\/\/new.renovilla.ca\/fr\/wp-json\/wp\/v2\/users\/1"}],"replies":[{"embeddable":true,"href":"https:\/\/new.renovilla.ca\/fr\/wp-json\/wp\/v2\/comments?post=525"}],"version-history":[{"count":1,"href":"https:\/\/new.renovilla.ca\/fr\/wp-json\/wp\/v2\/pages\/525\/revisions"}],"predecessor-version":[{"id":526,"href":"https:\/\/new.renovilla.ca\/fr\/wp-json\/wp\/v2\/pages\/525\/revisions\/526"}],"wp:attachment":[{"href":"https:\/\/new.renovilla.ca\/fr\/wp-json\/wp\/v2\/media?parent=525"}],"curies":[{"name":"wp","href":"https:\/\/api.w.org\/{rel}","templated":true}]}}