{"id":527,"date":"2019-12-18T19:49:07","date_gmt":"2019-12-18T19:49:07","guid":{"rendered":"http:\/\/new.renovilla.ca\/country-style-kitchens\/"},"modified":"2019-12-19T17:39:30","modified_gmt":"2019-12-19T17:39:30","slug":"country-style-kitchens","status":"publish","type":"page","link":"https:\/\/new.renovilla.ca\/fr\/country-style-kitchens\/","title":{"rendered":"Cuisine Champ\u00eatre"},"content":{"rendered":"<div class=\"wpb-content-wrapper\"><p>[vc_row][vc_column]\n\t\t<div id=\"wd-5dfbb5af22f41\" class=\"title-wrapper  woodmart-title-color-default woodmart-title-style-default woodmart-title-width-100 text-center woodmart-title-size-medium \">\n\t\t\t\n\t\t\t<div class=\"liner-continer\">\n\t\t\t\t<span class=\"left-line\"><\/span>\n\t\t\t\t<h4 class=\"woodmart-title-container title  woodmart-font-weight-\" >Cuisine Champ\u00eatre<\/h4>\t\t\t\t\t\t\t\t<span class=\"right-line\"><\/span>\n\t\t\t<\/div>\n\t\t\t\n\t\t\t\t\t\t\t<div class=\"title-after_title\">Le style de cuisine champ\u00eatre fait r\u00e9f\u00e9rence \u00e0 une esth\u00e9tique qui repr\u00e9sente un design de type ferme rurale. La palette de couleurs d'une cuisine de style campagnard est traditionnellement sombre, mais les cuisines campagnardes d'aujourd'hui peuvent \u00e9galement inclure des couleurs pastel claires et a\u00e9r\u00e9es.<\/div>\n\t\t\t\n\t\t\t\t\t<\/div>\n\t\t\n\t\t\t\t\t<div id=\"gallery_736\" class=\"woodmart-images-gallery view-masonry photoswipe-images\" >\n\t\t\t\t<div class=\"gallery-images row woodmart-spacing-10\">\n\t\t\t\t\t\t\t\t\t\t\t\t\t\t\t\t\t\t<div class=\"woodmart-gallery-item col-md-4 col-6\">\n\t\t\t\t\t\t\t\t\t\t\t\t\t\t\t\t\t<a href=\"https:\/\/new.renovilla.ca\/wp-content\/uploads\/2019\/12\/Country-two-tone.jpg\" data-index=\"1\" data-width=\"1200\" data-height=\"800\"  >\n\t\t\t\t\t\t\t\t\t\t\t\t\t\t\t\t\n\t\t\t\t\t\t\t\t\t\t\t\t\t\t\t\t\t<img loading=\"lazy\" decoding=\"async\" width=\"1200\" height=\"800\" src=\"https:\/\/new.renovilla.ca\/wp-content\/uploads\/2019\/12\/Country-two-tone.jpg\" class=\"woodmart-gallery-image image-1 attachment-full\" alt=\"\" title=\"Country-two-tone\" srcset=\"https:\/\/new.renovilla.ca\/wp-content\/uploads\/2019\/12\/Country-two-tone.jpg 1200w, https:\/\/new.renovilla.ca\/wp-content\/uploads\/2019\/12\/Country-two-tone-300x200.jpg 300w, https:\/\/new.renovilla.ca\/wp-content\/uploads\/2019\/12\/Country-two-tone-1024x683.jpg 1024w, https:\/\/new.renovilla.ca\/wp-content\/uploads\/2019\/12\/Country-two-tone-768x512.jpg 768w\" sizes=\"auto, (max-width: 1200px) 100vw, 1200px\" \/>\t\t\t\t\t\t\t\t\t\t\t\t\t\t\t\t\n\t\t\t\t\t\t\t\t\t\t\t\t\t\t\t\t\t<\/a>\n\t\t\t\t\t\t\t\t\t\t\t\t\t\t\t<\/div>\n\t\t\t\t\t\t\t\t\t\t\t\t\t<div class=\"woodmart-gallery-item col-md-4 col-6\">\n\t\t\t\t\t\t\t\t\t\t\t\t\t\t\t\t\t<a href=\"https:\/\/new.renovilla.ca\/wp-content\/uploads\/2019\/12\/Country-two-tone-2.jpg\" data-index=\"2\" data-width=\"1200\" data-height=\"800\"  >\n\t\t\t\t\t\t\t\t\t\t\t\t\t\t\t\t\n\t\t\t\t\t\t\t\t\t\t\t\t\t\t\t\t\t<img loading=\"lazy\" decoding=\"async\" width=\"1200\" height=\"800\" src=\"https:\/\/new.renovilla.ca\/wp-content\/uploads\/2019\/12\/Country-two-tone-2.jpg\" class=\"woodmart-gallery-image image-2 attachment-full\" alt=\"\" title=\"Country-two-tone--2\" srcset=\"https:\/\/new.renovilla.ca\/wp-content\/uploads\/2019\/12\/Country-two-tone-2.jpg 1200w, https:\/\/new.renovilla.ca\/wp-content\/uploads\/2019\/12\/Country-two-tone-2-300x200.jpg 300w, https:\/\/new.renovilla.ca\/wp-content\/uploads\/2019\/12\/Country-two-tone-2-1024x683.jpg 1024w, https:\/\/new.renovilla.ca\/wp-content\/uploads\/2019\/12\/Country-two-tone-2-768x512.jpg 768w\" sizes=\"auto, (max-width: 1200px) 100vw, 1200px\" \/>\t\t\t\t\t\t\t\t\t\t\t\t\t\t\t\t\n\t\t\t\t\t\t\t\t\t\t\t\t\t\t\t\t\t<\/a>\n\t\t\t\t\t\t\t\t\t\t\t\t\t\t\t<\/div>\n\t\t\t\t\t\t\t\t\t\t\t\t\t<div class=\"woodmart-gallery-item col-md-4 col-6\">\n\t\t\t\t\t\t\t\t\t\t\t\t\t\t\t\t\t<a href=\"https:\/\/new.renovilla.ca\/wp-content\/uploads\/2019\/12\/Farm-house-kitchen-2.jpg\" data-index=\"3\" data-width=\"1200\" data-height=\"800\"  >\n\t\t\t\t\t\t\t\t\t\t\t\t\t\t\t\t\n\t\t\t\t\t\t\t\t\t\t\t\t\t\t\t\t\t<img loading=\"lazy\" decoding=\"async\" width=\"1200\" height=\"800\" src=\"https:\/\/new.renovilla.ca\/wp-content\/uploads\/2019\/12\/Farm-house-kitchen-2.jpg\" class=\"woodmart-gallery-image image-3 attachment-full\" alt=\"\" title=\"Farm-house-kitchen-2\" srcset=\"https:\/\/new.renovilla.ca\/wp-content\/uploads\/2019\/12\/Farm-house-kitchen-2.jpg 1200w, https:\/\/new.renovilla.ca\/wp-content\/uploads\/2019\/12\/Farm-house-kitchen-2-300x200.jpg 300w, https:\/\/new.renovilla.ca\/wp-content\/uploads\/2019\/12\/Farm-house-kitchen-2-1024x683.jpg 1024w, https:\/\/new.renovilla.ca\/wp-content\/uploads\/2019\/12\/Farm-house-kitchen-2-768x512.jpg 768w\" sizes=\"auto, (max-width: 1200px) 100vw, 1200px\" \/>\t\t\t\t\t\t\t\t\t\t\t\t\t\t\t\t\n\t\t\t\t\t\t\t\t\t\t\t\t\t\t\t\t\t<\/a>\n\t\t\t\t\t\t\t\t\t\t\t\t\t\t\t<\/div>\n\t\t\t\t\t\t\t\t\t\t\t\t\t<div class=\"woodmart-gallery-item col-md-4 col-6\">\n\t\t\t\t\t\t\t\t\t\t\t\t\t\t\t\t\t<a href=\"https:\/\/new.renovilla.ca\/wp-content\/uploads\/2019\/12\/Farm-house-kitchen-chalet.jpg\" data-index=\"4\" data-width=\"1200\" data-height=\"800\"  >\n\t\t\t\t\t\t\t\t\t\t\t\t\t\t\t\t\n\t\t\t\t\t\t\t\t\t\t\t\t\t\t\t\t\t<img loading=\"lazy\" decoding=\"async\" width=\"1200\" height=\"800\" src=\"https:\/\/new.renovilla.ca\/wp-content\/uploads\/2019\/12\/Farm-house-kitchen-chalet.jpg\" class=\"woodmart-gallery-image image-4 attachment-full\" alt=\"\" title=\"Farm-house-kitchen-chalet\" srcset=\"https:\/\/new.renovilla.ca\/wp-content\/uploads\/2019\/12\/Farm-house-kitchen-chalet.jpg 1200w, https:\/\/new.renovilla.ca\/wp-content\/uploads\/2019\/12\/Farm-house-kitchen-chalet-300x200.jpg 300w, https:\/\/new.renovilla.ca\/wp-content\/uploads\/2019\/12\/Farm-house-kitchen-chalet-1024x683.jpg 1024w, https:\/\/new.renovilla.ca\/wp-content\/uploads\/2019\/12\/Farm-house-kitchen-chalet-768x512.jpg 768w\" sizes=\"auto, (max-width: 1200px) 100vw, 1200px\" \/>\t\t\t\t\t\t\t\t\t\t\t\t\t\t\t\t\n\t\t\t\t\t\t\t\t\t\t\t\t\t\t\t\t\t<\/a>\n\t\t\t\t\t\t\t\t\t\t\t\t\t\t\t<\/div>\n\t\t\t\t\t\t\t\t\t\t\t\t\t<div class=\"woodmart-gallery-item col-md-4 col-6\">\n\t\t\t\t\t\t\t\t\t\t\t\t\t\t\t\t\t<a href=\"https:\/\/new.renovilla.ca\/wp-content\/uploads\/2019\/12\/Farm-rustic-kitchen.jpg\" data-index=\"5\" data-width=\"1200\" data-height=\"801\"  >\n\t\t\t\t\t\t\t\t\t\t\t\t\t\t\t\t\n\t\t\t\t\t\t\t\t\t\t\t\t\t\t\t\t\t<img loading=\"lazy\" decoding=\"async\" width=\"1200\" height=\"801\" src=\"https:\/\/new.renovilla.ca\/wp-content\/uploads\/2019\/12\/Farm-rustic-kitchen.jpg\" class=\"woodmart-gallery-image image-5 attachment-full\" alt=\"\" title=\"Farm-rustic-kitchen\" srcset=\"https:\/\/new.renovilla.ca\/wp-content\/uploads\/2019\/12\/Farm-rustic-kitchen.jpg 1200w, https:\/\/new.renovilla.ca\/wp-content\/uploads\/2019\/12\/Farm-rustic-kitchen-300x200.jpg 300w, https:\/\/new.renovilla.ca\/wp-content\/uploads\/2019\/12\/Farm-rustic-kitchen-1024x684.jpg 1024w, https:\/\/new.renovilla.ca\/wp-content\/uploads\/2019\/12\/Farm-rustic-kitchen-768x513.jpg 768w\" sizes=\"auto, (max-width: 1200px) 100vw, 1200px\" \/>\t\t\t\t\t\t\t\t\t\t\t\t\t\t\t\t\n\t\t\t\t\t\t\t\t\t\t\t\t\t\t\t\t\t<\/a>\n\t\t\t\t\t\t\t\t\t\t\t\t\t\t\t<\/div>\n\t\t\t\t\t\t\t\t\t\t\t\t\t\t\t<\/div>\n\t\t\t<\/div>\n\t\t\t\t\t[\/vc_column][\/vc_row]<\/p>\n<\/div>","protected":false},"excerpt":{"rendered":"<p>[vc_row][vc_column][\/vc_column][\/vc_row]<\/p>\n","protected":false},"author":1,"featured_media":0,"parent":0,"menu_order":0,"comment_status":"closed","ping_status":"closed","template":"","meta":{"footnotes":""},"class_list":["post-527","page","type-page","status-publish","hentry"],"_links":{"self":[{"href":"https:\/\/new.renovilla.ca\/fr\/wp-json\/wp\/v2\/pages\/527","targetHints":{"allow":["GET"]}}],"collection":[{"href":"https:\/\/new.renovilla.ca\/fr\/wp-json\/wp\/v2\/pages"}],"about":[{"href":"https:\/\/new.renovilla.ca\/fr\/wp-json\/wp\/v2\/types\/page"}],"author":[{"embeddable":true,"href":"https:\/\/new.renovilla.ca\/fr\/wp-json\/wp\/v2\/users\/1"}],"replies":[{"embeddable":true,"href":"https:\/\/new.renovilla.ca\/fr\/wp-json\/wp\/v2\/comments?post=527"}],"version-history":[{"count":1,"href":"https:\/\/new.renovilla.ca\/fr\/wp-json\/wp\/v2\/pages\/527\/revisions"}],"predecessor-version":[{"id":528,"href":"https:\/\/new.renovilla.ca\/fr\/wp-json\/wp\/v2\/pages\/527\/revisions\/528"}],"wp:attachment":[{"href":"https:\/\/new.renovilla.ca\/fr\/wp-json\/wp\/v2\/media?parent=527"}],"curies":[{"name":"wp","href":"https:\/\/api.w.org\/{rel}","templated":true}]}}