{"id":533,"date":"2019-11-23T23:24:09","date_gmt":"2019-11-23T23:24:09","guid":{"rendered":"http:\/\/new.renovilla.ca\/materials\/"},"modified":"2019-12-19T18:00:16","modified_gmt":"2019-12-19T18:00:16","slug":"materials","status":"publish","type":"page","link":"https:\/\/new.renovilla.ca\/fr\/materials\/","title":{"rendered":"Mat\u00e9riaux"},"content":{"rendered":"<div class=\"wpb-content-wrapper\"><p>[vc_row][vc_column][vc_column_text text_larger=\u00a0\u00bbno\u00a0\u00bb]<\/p>\n<p style=\"text-align: center;\"><strong>De nos jours, dans l&rsquo;industrie des armoires de cuisine et de salle de bain, il existe de nombreux choix de mat\u00e9riaux. Voici certains des choix les plus populaires.<\/strong><\/p>\n<p>[\/vc_column_text][\/vc_column][\/vc_row][vc_row content_placement=\u00a0\u00bbmiddle\u00a0\u00bb row_reverse_mobile=\u00a0\u00bb1&Prime; mobile_bg_img_hidden=\u00a0\u00bbno\u00a0\u00bb tablet_bg_img_hidden=\u00a0\u00bbno\u00a0\u00bb woodmart_parallax=\u00a0\u00bb0&Prime; woodmart_gradient_switch=\u00a0\u00bbno\u00a0\u00bb row_reverse_tablet=\u00a0\u00bb0&Prime; woodmart_disable_overflow=\u00a0\u00bb0&Prime; css=\u00a0\u00bb.vc_custom_1576705178524{border-bottom-width: 2px !important;border-bottom-color: #c4c4c4 !important;border-bottom-style: solid !important;}\u00a0\u00bb][vc_column offset=\u00a0\u00bbvc_col-lg-6 vc_col-md-6&Prime; css=\u00a0\u00bb.vc_custom_1522937351377{margin-bottom: 4vh !important;}\u00a0\u00bb][vc_column_text css=\u00a0\u00bb.vc_custom_1576777936169{margin-bottom: 20px !important;}\u00a0\u00bb el_class=\u00a0\u00bbtext-larger\u00a0\u00bb text_larger=\u00a0\u00bbno\u00a0\u00bb]<\/p>\n<h2><strong>Cuisine en M\u00e9lamine ($)<\/strong><\/h2>\n<p>La m\u00e9lamine, \u00e9galement connue sous le nom de panneau de particules, est un produit de bois d&rsquo;ing\u00e9nierie fabriqu\u00e9 \u00e0 partir de copeaux de bois, de copeaux de scierie ou m\u00eame de sciure de bois, ainsi qu&rsquo;une r\u00e9sine synth\u00e9tique ou un autre liant appropri\u00e9, qui est press\u00e9 et extrud\u00e9. La m\u00e9lamine est offerte dans un large choix de couleurs et de finis. La surface est facile \u00e0 entretenir et offre une bonne r\u00e9sistance \u00e0 l&rsquo;usure. Ce mat\u00e9riau offre un choix \u00e9conomique pour les consommateurs.<\/p>\n<p><strong>Avantage:<\/strong><\/p>\n<ul>\n<li>\u00c9conomique<\/li>\n<li>Facile \u00e0 entretenir et \u00e0 nettoyer<\/li>\n<li>Grande r\u00e9sistance \u00e0 l&rsquo;usure<\/li>\n<li>Large choix de couleurs et de finitions<\/li>\n<\/ul>\n<p><strong>D\u00e9savantage:<\/strong><\/p>\n<ul>\n<li>Portes offertes uniquement dans les mod\u00e8les portes plats ou Shaker<\/li>\n<li>Sensible \u00e0 l\u2019expansion et \u00e0 la d\u00e9coloration due \u00e0 l&rsquo;absorption d&rsquo;humidit\u00e9 sur les coupes et les bords (avec un contact continu avec l&rsquo;eau)<\/li>\n<\/ul>\n<p>[\/vc_column_text][\/vc_column][vc_column offset=\u00a0\u00bbvc_col-lg-6 vc_col-md-6&Prime; css=\u00a0\u00bb.vc_custom_1575740714744{margin-bottom: 4vh !important;}\u00a0\u00bb mobile_bg_img_hidden=\u00a0\u00bbno\u00a0\u00bb tablet_bg_img_hidden=\u00a0\u00bbno\u00a0\u00bb woodmart_parallax=\u00a0\u00bb0&Prime; woodmart_sticky_column=\u00a0\u00bbtrue\u00a0\u00bb parallax_scroll=\u00a0\u00bbno\u00a0\u00bb mobile_reset_margin=\u00a0\u00bbno\u00a0\u00bb tablet_reset_margin=\u00a0\u00bbno\u00a0\u00bb][vc_single_image image=\u00a0\u00bb483&Prime; img_size=\u00a0\u00bbfull\u00a0\u00bb scroll_x=\u00a0\u00bb0&Prime; scroll_y=\u00a0\u00bb-60&Prime; scroll_z=\u00a0\u00bb0&Prime; scroll_smooth=\u00a0\u00bb30&Prime; parallax_scroll=\u00a0\u00bbyes\u00a0\u00bb][\/vc_column][\/vc_row][vc_row][vc_column][vc_column_text css=\u00a0\u00bb.vc_custom_1576777989601{margin-bottom: 20px !important;}\u00a0\u00bb el_class=\u00a0\u00bbtext-larger\u00a0\u00bb text_larger=\u00a0\u00bbno\u00a0\u00bb]<\/p>\n<h2 style=\"text-align: center;\"><b>Thermoplastique ($)<\/b><\/h2>\n<p>Les portes d&rsquo;armoires de cuisine en thermoplastique sont constitu\u00e9es d&rsquo;un corps en MDF fusionn\u00e9 thermiquement avec une feuille thermoplastique. Les portes se pr\u00e9sentent sous diff\u00e9rentes formes et textures.[\/vc_column_text][vc_row_inner][vc_column_inner width=\u00a0\u00bb1\/2&Prime;][vc_column_text css=\u00a0\u00bb.vc_custom_1576778076794{margin-bottom: 20px !important;}\u00a0\u00bb el_class=\u00a0\u00bbtext-larger\u00a0\u00bb text_larger=\u00a0\u00bbno\u00a0\u00bb]<\/p>\n<p style=\"text-align: left;\"><strong><b>Avantages<\/b>:<\/strong><\/p>\n<ul>\n<li style=\"text-align: left;\">\u00c9conomique<\/li>\n<li style=\"text-align: left;\">Facile \u00e0 entretenir et \u00e0 nettoyer<\/li>\n<li style=\"text-align: left;\">Grande r\u00e9sistance \u00e0 l&rsquo;usure<\/li>\n<li style=\"text-align: left;\">Large choix de couleurs et de finitions<\/li>\n<li style=\"text-align: left;\">R\u00e9sistant \u00e0 l&rsquo;humidit\u00e9<\/li>\n<\/ul>\n<p>[\/vc_column_text][\/vc_column_inner][vc_column_inner width=\u00a0\u00bb1\/2&Prime;][vc_column_text css=\u00a0\u00bb.vc_custom_1576778116833{margin-bottom: 20px !important;}\u00a0\u00bb el_class=\u00a0\u00bbtext-larger\u00a0\u00bb text_larger=\u00a0\u00bbno\u00a0\u00bb]<b>D\u00e9savantages:<\/b><\/p>\n<ul>\n<li>Sensible aux temp\u00e9ratures \u00e9lev\u00e9es<\/li>\n<li>Difficile \u00e0 retoucher en cas de rayures<\/li>\n<\/ul>\n<p>[\/vc_column_text][\/vc_column_inner][\/vc_row_inner][\/vc_column][\/vc_row][vc_row content_placement=\u00a0\u00bbmiddle\u00a0\u00bb mobile_bg_img_hidden=\u00a0\u00bbno\u00a0\u00bb tablet_bg_img_hidden=\u00a0\u00bbno\u00a0\u00bb woodmart_parallax=\u00a0\u00bb0&Prime; woodmart_gradient_switch=\u00a0\u00bbno\u00a0\u00bb row_reverse_mobile=\u00a0\u00bb0&Prime; row_reverse_tablet=\u00a0\u00bb0&Prime; woodmart_disable_overflow=\u00a0\u00bb0&Prime;][vc_column css=\u00a0\u00bb.vc_custom_1522938665062{margin-bottom: 4vh !important;}\u00a0\u00bb offset=\u00a0\u00bbvc_col-lg-6 vc_col-md-6&Prime;][vc_single_image image=\u00a0\u00bb485&Prime; img_size=\u00a0\u00bbfull\u00a0\u00bb scroll_x=\u00a0\u00bb0&Prime; scroll_y=\u00a0\u00bb-60&Prime; scroll_z=\u00a0\u00bb0&Prime; scroll_smooth=\u00a0\u00bb30&Prime; parallax_scroll=\u00a0\u00bbyes\u00a0\u00bb][\/vc_column][vc_column css=\u00a0\u00bb.vc_custom_1522938670164{margin-bottom: 4vh !important;}\u00a0\u00bb offset=\u00a0\u00bbvc_col-lg-6 vc_col-md-6&Prime;][vc_column_text css=\u00a0\u00bb.vc_custom_1576778190292{margin-bottom: 20px !important;}\u00a0\u00bb el_class=\u00a0\u00bbtext-larger\u00a0\u00bb text_larger=\u00a0\u00bbno\u00a0\u00bb]<\/p>\n<h2><strong>Cuisine en Polyester ($$)<\/strong><\/h2>\n<p>Les portes en polyester sont con\u00e7ues pour reproduire une porte en bois en cinq pi\u00e8ces. Ces portes sont constitu\u00e9es d&rsquo;un centre en m\u00e9lamine et c\u00f4t\u00e9s recouvertes d&rsquo;un film de polyester parfaitement assorti, qui prot\u00e8ge contre les chocs et les rayures. Les portes en polyester \u00e0 cinq pi\u00e8ces sont offertes dans un large choix de couleurs et de styles.<\/p>\n<p><strong>Avantage:<\/strong><\/p>\n<ul>\n<li>\u00c9conomique<\/li>\n<li>Facile \u00e0 entretenir et \u00e0 nettoyer<\/li>\n<li>Grande r\u00e9sistance \u00e0 l&rsquo;usure<\/li>\n<li>Large choix de couleurs et de finitions<\/li>\n<li>Portes offertes dans beaucoup de styles et formes<\/li>\n<\/ul>\n<p><strong>D\u00e9savantage:<\/strong><\/p>\n<p>&#8211; Difficile \u00e0 retoucher en cas de rayures[\/vc_column_text][\/vc_column][\/vc_row][vc_row content_placement=\u00a0\u00bbtop\u00a0\u00bb row_reverse_mobile=\u00a0\u00bb1&Prime; css=\u00a0\u00bb.vc_custom_1576705095807{border-top-width: 2px !important;border-top-color: #c4c4c4 !important;border-top-style: solid !important;}\u00a0\u00bb mobile_bg_img_hidden=\u00a0\u00bbno\u00a0\u00bb tablet_bg_img_hidden=\u00a0\u00bbno\u00a0\u00bb woodmart_parallax=\u00a0\u00bb0&Prime; woodmart_gradient_switch=\u00a0\u00bbno\u00a0\u00bb row_reverse_tablet=\u00a0\u00bb0&Prime; woodmart_disable_overflow=\u00a0\u00bb0&Prime;][vc_column offset=\u00a0\u00bbvc_col-lg-6 vc_col-md-6&Prime; css=\u00a0\u00bb.vc_custom_1522937351377{margin-bottom: 4vh !important;}\u00a0\u00bb][vc_column_text css=\u00a0\u00bb.vc_custom_1576778274772{margin-bottom: 20px !important;}\u00a0\u00bb el_class=\u00a0\u00bbtext-larger\u00a0\u00bb text_larger=\u00a0\u00bbno\u00a0\u00bb]<\/p>\n<h2><strong>Armoire de cuisine en \u00a0MDF laqu\u00e9 ($$$)<\/strong><\/h2>\n<p>La cuisine en MDF laqu\u00e9 offre une grande flexibilit\u00e9 en termes de style, de forme, de couleur et de lustre. Nous fabriquons des portes en MDF \u00abSans joint\u00bb en 1 pi\u00e8ce. Ces portes sont tr\u00e8s stables et insensibles au changement climatique. <strong>RenoVilla <\/strong>a mis au point une technique de peinture et une peinture sp\u00e9ciale qui am\u00e9liorent consid\u00e9rablement la r\u00e9sistance et la durabilit\u00e9 des produits.<\/p>\n<p>Les panneaux de fibres (MDF) sont des produits de bois d&rsquo;ing\u00e9nierie obtenus en d\u00e9composant le bois dur ou les r\u00e9sidus de bois r\u00e9sineux en fibres de bois, souvent dans un d\u00e9fibreur, en les combinant avec de la cire et un liant \u00e0 base de r\u00e9sine et en formant des panneaux sous haute pression et \u00e0 haute temp\u00e9rature.<\/p>\n<p><strong>Avantage :<\/strong><\/p>\n<p>&#8211; Large choix de couleurs et de degr\u00e9s de lustre (de l&rsquo;ultra mat au super brillant)<\/p>\n<p>&#8211; Tr\u00e8s stable en cas de changement climatique interne<\/p>\n<p>&#8211; Respectueux de l&rsquo;environnement, fabriqu\u00e9 \u00e0 partir de mat\u00e9riaux recycl\u00e9s<\/p>\n<p>&#8211; Facile \u00e0 travailler dans diff\u00e9rentes formes<\/p>\n<p><strong>D\u00e9savantage:<\/strong><\/p>\n<p>&#8211; Couleurs unies uniquement, ne peuvent pas \u00eatre teint\u00e9.[\/vc_column_text][\/vc_column][vc_column offset=\u00a0\u00bbvc_col-lg-6 vc_col-md-6&Prime; css=\u00a0\u00bb.vc_custom_1522937354748{margin-bottom: 4vh !important;}\u00a0\u00bb][vc_column_text css=\u00a0\u00bb.vc_custom_1576778315893{margin-bottom: 20px !important;}\u00a0\u00bb el_class=\u00a0\u00bbtext-larger\u00a0\u00bb text_larger=\u00a0\u00bbno\u00a0\u00bb]<\/p>\n<h2><strong>Armoires en bois massif ($$$)<\/strong><\/h2>\n<p>Le bois est \u00e9l\u00e9gant, naturel et beau. <strong>RenoVilla<\/strong> propose un grand choix d&rsquo;esp\u00e8ces diff\u00e9rentes pour ses armoires de cuisine en bois (Noyer, Ch\u00eane, Hickory, Merisier, \u00c9rable, Cerisier et bien d\u2019autres!). Les armoires de cuisine en bois offrent un aspect luxueux et intemporel. Chaque pi\u00e8ce de bois a ses attributs et ses variations uniques. Le bois massif est un mat\u00e9riau vivant et respirant. Comme tous les \u00eatres vivants, il r\u00e9agit \u00e0 son environnement ambiant. Il est recommand\u00e9 de maintenir les niveaux d\u2019humidit\u00e9 ambiante entre 40% et 50% afin de minimiser l\u2019expansion et la contraction du bois.<\/p>\n<p><strong>Avantages\u00a0:<\/strong><\/p>\n<ul>\n<li>Facile \u00e0 travaille<\/li>\n<li>Facile \u00e0 maintenir<\/li>\n<li>Plusieurs finitions offertes<\/li>\n<li>Disponible dans de nombreuses essences de bois, chacune a son propre caract\u00e8re.<\/li>\n<li>Facile \u00e0 r\u00e9parer<\/li>\n<li>Choix de mat\u00e9riaux de cuisine haut de gamme<\/li>\n<\/ul>\n<p><strong>D\u00e9savantages:<\/strong><\/p>\n<ul>\n<li>Doit maintenir le niveau d&rsquo;humidit\u00e9 de la pi\u00e8ce entre 40 et 50%.<\/li>\n<\/ul>\n<p>[\/vc_column_text][\/vc_column][\/vc_row]<\/p>\n<\/div>","protected":false},"excerpt":{"rendered":"<p>[vc_row][vc_column][vc_column_text text_larger=\u00a0\u00bbno\u00a0\u00bb] De nos jours, dans l&rsquo;industrie des armoires de cuisine et de salle de bain, il existe de nombreux<\/p>\n","protected":false},"author":1,"featured_media":0,"parent":0,"menu_order":0,"comment_status":"closed","ping_status":"closed","template":"","meta":{"footnotes":""},"class_list":["post-533","page","type-page","status-publish","hentry"],"_links":{"self":[{"href":"https:\/\/new.renovilla.ca\/fr\/wp-json\/wp\/v2\/pages\/533","targetHints":{"allow":["GET"]}}],"collection":[{"href":"https:\/\/new.renovilla.ca\/fr\/wp-json\/wp\/v2\/pages"}],"about":[{"href":"https:\/\/new.renovilla.ca\/fr\/wp-json\/wp\/v2\/types\/page"}],"author":[{"embeddable":true,"href":"https:\/\/new.renovilla.ca\/fr\/wp-json\/wp\/v2\/users\/1"}],"replies":[{"embeddable":true,"href":"https:\/\/new.renovilla.ca\/fr\/wp-json\/wp\/v2\/comments?post=533"}],"version-history":[{"count":2,"href":"https:\/\/new.renovilla.ca\/fr\/wp-json\/wp\/v2\/pages\/533\/revisions"}],"predecessor-version":[{"id":535,"href":"https:\/\/new.renovilla.ca\/fr\/wp-json\/wp\/v2\/pages\/533\/revisions\/535"}],"wp:attachment":[{"href":"https:\/\/new.renovilla.ca\/fr\/wp-json\/wp\/v2\/media?parent=533"}],"curies":[{"name":"wp","href":"https:\/\/api.w.org\/{rel}","templated":true}]}}