{"id":543,"date":"2019-12-08T12:42:23","date_gmt":"2019-12-08T12:42:23","guid":{"rendered":"http:\/\/new.renovilla.ca\/our-history\/"},"modified":"2019-12-19T18:40:19","modified_gmt":"2019-12-19T18:40:19","slug":"our-history","status":"publish","type":"page","link":"https:\/\/new.renovilla.ca\/fr\/our-history\/","title":{"rendered":"Notre HIstoire"},"content":{"rendered":"<div class=\"wpb-content-wrapper\"><p>[vc_row equal_height=\u00a0\u00bbyes\u00a0\u00bb css=\u00a0\u00bb.vc_custom_1576084571053{margin-bottom: 5vh !important;}\u00a0\u00bb mobile_bg_img_hidden=\u00a0\u00bbno\u00a0\u00bb tablet_bg_img_hidden=\u00a0\u00bbno\u00a0\u00bb woodmart_parallax=\u00a0\u00bb0&Prime; woodmart_gradient_switch=\u00a0\u00bbno\u00a0\u00bb row_reverse_mobile=\u00a0\u00bb0&Prime; row_reverse_tablet=\u00a0\u00bb0&Prime; woodmart_disable_overflow=\u00a0\u00bb0&Prime;][vc_column offset=\u00a0\u00bbvc_col-lg-8 vc_col-md-8&Prime;]\t\t\t<div id=\"gallery_124\" class=\"woodmart-images-gallery view-grid\" >\n\t\t\t\t<div class=\"gallery-images row woodmart-spacing-30\">\n\t\t\t\t\t\t\t\t\t\t\t\t\t\t\t\t\t\t<div class=\"woodmart-gallery-item col-12\">\n\t\t\t\t\t\t\t\t\t\t\t\t\t\t\t\t\n\t\t\t\t\t\t\t\t\t\t\t\t\t\t\t\t\t<img loading=\"lazy\" decoding=\"async\" width=\"880\" height=\"2560\" src=\"https:\/\/new.renovilla.ca\/wp-content\/uploads\/2019\/12\/Family-History-Of-Renovilla.jpg\" class=\"woodmart-gallery-image image-1 attachment-full\" alt=\"Family-History-Of-Renovilla\" title=\"Family-History-Of-Renovilla\" \/>\t\t\t\t\t\t\t\t\t\t\t\t\t\t\t\t\n\t\t\t\t\t\t\t\t\t\t\t\t\t\t\t<\/div>\n\t\t\t\t\t\t\t\t\t\t\t\t\t\t\t<\/div>\n\t\t\t<\/div>\n\t\t\t\t\t[\/vc_column][vc_column woodmart_sticky_column=\u00a0\u00bbtrue\u00a0\u00bb offset=\u00a0\u00bbvc_col-lg-4 vc_col-md-4&Prime; css=\u00a0\u00bb.vc_custom_1575810937697{margin-top: 0px !important;margin-bottom: 15px !important;}\u00a0\u00bb mobile_bg_img_hidden=\u00a0\u00bbno\u00a0\u00bb tablet_bg_img_hidden=\u00a0\u00bbno\u00a0\u00bb woodmart_parallax=\u00a0\u00bb0&Prime; parallax_scroll=\u00a0\u00bbno\u00a0\u00bb mobile_reset_margin=\u00a0\u00bbno\u00a0\u00bb tablet_reset_margin=\u00a0\u00bbno\u00a0\u00bb]\t\n\t\t\t<div id=\"wd-5dfbc3b942fde\" class=\"woodmart-text-block-wrapper color-scheme- woodmart-title-size-default woodmart-title-width-100 text-center \">\n\t\t\t\t<div class=\"woodmart-title-container woodmart-text-block font-primary woodmart-font-weight-600\">\n\t\t\t\t\t<\/p>\n<p style=\"text-align: left;\">UNE TRADITION FAMILIALE DEPUIS<br \/>\n<span style=\"color: #ed1c24;\">4 G\u00c9N\u00c9RATIONS<\/span><\/p>\n<p>\t\t\t\t<\/div>\n\t\t\t\t\t\n\t\t\t<\/div>\n\t\t[vc_column_text css=\u00a0\u00bb.vc_custom_1576780714138{margin-bottom: 20px !important;}\u00a0\u00bb text_larger=\u00a0\u00bbno\u00a0\u00bb]L\u2019histoire de notre entreprise se conjugue avec passion, patience et savoir-faire. Avec plus de 50 ansd\u2019exp\u00e9rience dans le domaine des armoires de cuisine, du travail du bois, nous vous proposons un travailde qualit\u00e9 dans le respect de la tradition.<\/p>\n<p>Avec nos armoires de cuisine, \u00e9quip\u00e9es des derni\u00e8res technologies et innovations, nous sommes enmesure de r\u00e9aliser vos projets les plus exigeants.<\/p>\n<p>Aujourd\u2019hui, c\u2019est gr\u00e2ce \u00e0 notre savoir-faire et notre excellente famille d\u2019employ\u00e9s que nous pouvonsvous offrir les meilleurs services. Lorsque vous travaillez chez vous, soyez assur\u00e9 de notreprofessionnalisme.<\/p>\n<p>Tous nos projets sont r\u00e9alis\u00e9s avec un grand sens du d\u00e9tail et de la qualit\u00e9, \u00e0 partir de mat\u00e9riaux depremi\u00e8re qualit\u00e9. Nos cr\u00e9ations sont toujours faites dans cette tradition.<\/p>\n<p>\u201cChez RenoVilla, nous prenons le temps d\u2019apprendre \u00e0 conna\u00eetre chaque client qui franchit nos portes,cela nous permet de proposer un design qui correspond parfaitement au style de vie et au go\u00fbt desclients. Notre mission est de nous assurer que chaque client soit satisfait \u2013 Ali \u201c[\/vc_column_text][\/vc_column][\/vc_row]<\/p>\n<\/div>","protected":false},"excerpt":{"rendered":"<p>[vc_row equal_height=\u00a0\u00bbyes\u00a0\u00bb css=\u00a0\u00bb.vc_custom_1576084571053{margin-bottom: 5vh !important;}\u00a0\u00bb mobile_bg_img_hidden=\u00a0\u00bbno\u00a0\u00bb tablet_bg_img_hidden=\u00a0\u00bbno\u00a0\u00bb woodmart_parallax=\u00a0\u00bb0&Prime; woodmart_gradient_switch=\u00a0\u00bbno\u00a0\u00bb row_reverse_mobile=\u00a0\u00bb0&Prime; row_reverse_tablet=\u00a0\u00bb0&Prime; woodmart_disable_overflow=\u00a0\u00bb0&Prime;][vc_column offset=\u00a0\u00bbvc_col-lg-8 vc_col-md-8&Prime;][\/vc_column][vc_column woodmart_sticky_column=\u00a0\u00bbtrue\u00a0\u00bb offset=\u00a0\u00bbvc_col-lg-4 vc_col-md-4&Prime; css=\u00a0\u00bb.vc_custom_1575810937697{margin-top: 0px !important;margin-bottom:<\/p>\n","protected":false},"author":1,"featured_media":0,"parent":0,"menu_order":0,"comment_status":"closed","ping_status":"closed","template":"","meta":{"footnotes":""},"class_list":["post-543","page","type-page","status-publish","hentry"],"_links":{"self":[{"href":"https:\/\/new.renovilla.ca\/fr\/wp-json\/wp\/v2\/pages\/543","targetHints":{"allow":["GET"]}}],"collection":[{"href":"https:\/\/new.renovilla.ca\/fr\/wp-json\/wp\/v2\/pages"}],"about":[{"href":"https:\/\/new.renovilla.ca\/fr\/wp-json\/wp\/v2\/types\/page"}],"author":[{"embeddable":true,"href":"https:\/\/new.renovilla.ca\/fr\/wp-json\/wp\/v2\/users\/1"}],"replies":[{"embeddable":true,"href":"https:\/\/new.renovilla.ca\/fr\/wp-json\/wp\/v2\/comments?post=543"}],"version-history":[{"count":2,"href":"https:\/\/new.renovilla.ca\/fr\/wp-json\/wp\/v2\/pages\/543\/revisions"}],"predecessor-version":[{"id":545,"href":"https:\/\/new.renovilla.ca\/fr\/wp-json\/wp\/v2\/pages\/543\/revisions\/545"}],"wp:attachment":[{"href":"https:\/\/new.renovilla.ca\/fr\/wp-json\/wp\/v2\/media?parent=543"}],"curies":[{"name":"wp","href":"https:\/\/api.w.org\/{rel}","templated":true}]}}